{"id":159,"date":"2024-05-10T22:10:25","date_gmt":"2024-05-10T20:10:25","guid":{"rendered":"https:\/\/paginaswebgdl.com\/desarrollador\/?post_type=product&#038;p=159"},"modified":"2024-05-11T00:04:39","modified_gmt":"2024-05-10T22:04:39","slug":"pagina-web-pyme-de-4-secciones-o-landing-page","status":"publish","type":"product","link":"https:\/\/paginaswebgdl.com\/desarrollador\/producto\/pagina-web-pyme-de-4-secciones-o-landing-page\/","title":{"rendered":"P\u00e1gina web Pyme landing page"},"content":{"rendered":"<ul>\n<li>Dominio .com, .com.mx o .org<\/li>\n<li>Hospedaje para un sitio web<\/li>\n<li>Creaci\u00f3n de 5 cuentas de correo<\/li>\n<li>Dise\u00f1o profesional en HTML o WordPress<\/li>\n<li>Dise\u00f1o de una a cuatro secciones<\/li>\n<li>Formulario de contacto<\/li>\n<\/ul>\n","protected":false},"excerpt":{"rendered":"<p>Incluye una p\u00e1gina web de una a 4 secciones. P\u00e1gina landing page para campa\u00f1a publicitaria. Incluye dominio, hospedaje y dominio por un a\u00f1o. Dise\u00f1o gratis en html o wordpress.<\/p>\n","protected":false},"featured_media":160,"comment_status":"closed","ping_status":"closed","template":"","meta":{"site-sidebar-layout":"default","site-content-layout":"","ast-site-content-layout":"default","site-content-style":"default","site-sidebar-style":"default","ast-global-header-display":"","ast-banner-title-visibility":"","ast-main-header-display":"","ast-hfb-above-header-display":"","ast-hfb-below-header-display":"","ast-hfb-mobile-header-display":"","site-post-title":"","ast-breadcrumbs-content":"","ast-featured-img":"","footer-sml-layout":"","theme-transparent-header-meta":"default","adv-header-id-meta":"","stick-header-meta":"","header-above-stick-meta":"","header-main-stick-meta":"","header-below-stick-meta":"","astra-migrate-meta-layouts":"set","ast-page-background-enabled":"default","ast-page-background-meta":{"desktop":{"background-color":"var(--ast-global-color-4)","background-image":"","background-repeat":"repeat","background-position":"center center","background-size":"auto","background-attachment":"scroll","background-type":"","background-media":"","overlay-type":"","overlay-color":"","overlay-gradient":""},"tablet":{"background-color":"","background-image":"","background-repeat":"repeat","background-position":"center center","background-size":"auto","background-attachment":"scroll","background-type":"","background-media":"","overlay-type":"","overlay-color":"","overlay-gradient":""},"mobile":{"background-color":"","background-image":"","background-repeat":"repeat","background-position":"center center","background-size":"auto","background-attachment":"scroll","background-type":"","background-media":"","overlay-type":"","overlay-color":"","overlay-gradient":""}},"ast-content-background-meta":{"desktop":{"background-color":"var(--ast-global-color-5)","background-image":"","background-repeat":"repeat","background-position":"center center","background-size":"auto","background-attachment":"scroll","background-type":"","background-media":"","overlay-type":"","overlay-color":"","overlay-gradient":""},"tablet":{"background-color":"var(--ast-global-color-5)","background-image":"","background-repeat":"repeat","background-position":"center center","background-size":"auto","background-attachment":"scroll","background-type":"","background-media":"","overlay-type":"","overlay-color":"","overlay-gradient":""},"mobile":{"background-color":"var(--ast-global-color-5)","background-image":"","background-repeat":"repeat","background-position":"center center","background-size":"auto","background-attachment":"scroll","background-type":"","background-media":"","overlay-type":"","overlay-color":"","overlay-gradient":""}}},"product_cat":[17],"product_tag":[],"_links":{"self":[{"href":"https:\/\/paginaswebgdl.com\/desarrollador\/wp-json\/wp\/v2\/product\/159"}],"collection":[{"href":"https:\/\/paginaswebgdl.com\/desarrollador\/wp-json\/wp\/v2\/product"}],"about":[{"href":"https:\/\/paginaswebgdl.com\/desarrollador\/wp-json\/wp\/v2\/types\/product"}],"replies":[{"embeddable":true,"href":"https:\/\/paginaswebgdl.com\/desarrollador\/wp-json\/wp\/v2\/comments?post=159"}],"wp:featuredmedia":[{"embeddable":true,"href":"https:\/\/paginaswebgdl.com\/desarrollador\/wp-json\/wp\/v2\/media\/160"}],"wp:attachment":[{"href":"https:\/\/paginaswebgdl.com\/desarrollador\/wp-json\/wp\/v2\/media?parent=159"}],"wp:term":[{"taxonomy":"product_cat","embeddable":true,"href":"https:\/\/paginaswebgdl.com\/desarrollador\/wp-json\/wp\/v2\/product_cat?post=159"},{"taxonomy":"product_tag","embeddable":true,"href":"https:\/\/paginaswebgdl.com\/desarrollador\/wp-json\/wp\/v2\/product_tag?post=159"}],"curies":[{"name":"wp","href":"https:\/\/api.w.org\/{rel}","templated":true}]}}